{"id":2798,"date":"2024-01-02T08:22:17","date_gmt":"2024-01-02T08:22:17","guid":{"rendered":"https:\/\/vp-agency.com\/?page_id=2798"},"modified":"2024-01-03T06:51:43","modified_gmt":"2024-01-03T06:51:43","slug":"term-of-services","status":"publish","type":"page","link":"https:\/\/vp-agency.com\/vi\/term-of-services\/","title":{"rendered":"\u0110i\u1ec1u kho\u1ea3n d\u1ecbch v\u1ee5"},"content":{"rendered":"<div data-elementor-type=\"wp-page\" data-elementor-id=\"2798\" class=\"elementor elementor-2798\" data-elementor-post-type=\"page\">\n\t\t\t\t\t\t\t\t\t<section class=\"elementor-section elementor-top-section elementor-element elementor-element-7a9c477 elementor-section-boxed elementor-section-height-default elementor-section-height-default\" data-id=\"7a9c477\" data-element_type=\"section\">\n\t\t\t\t\t\t<div class=\"elementor-container elementor-column-gap-default\">\n\t\t\t\t\t<div class=\"elementor-column elementor-col-100 elementor-top-column elementor-element elementor-element-4dae07f\" data-id=\"4dae07f\" data-element_type=\"column\">\n\t\t\t<div class=\"elementor-widget-wrap elementor-element-populated\">\n\t\t\t\t\t\t\t\t<div class=\"elementor-element elementor-element-200e7fa elementor-widget elementor-widget-spacer\" data-id=\"200e7fa\" data-element_type=\"widget\" data-widget_type=\"spacer.default\">\n\t\t\t\t<div class=\"elementor-widget-container\">\n\t\t\t<style>\/*! elementor - v3.18.0 - 08-12-2023 *\/\n.elementor-column .elementor-spacer-inner{height:var(--spacer-size)}.e-con{--container-widget-width:100%}.e-con-inner>.elementor-widget-spacer,.e-con>.elementor-widget-spacer{width:var(--container-widget-width,var(--spacer-size));--align-self:var(--container-widget-align-self,initial);--flex-shrink:0}.e-con-inner>.elementor-widget-spacer>.elementor-widget-container,.e-con>.elementor-widget-spacer>.elementor-widget-container{height:100%;width:100%}.e-con-inner>.elementor-widget-spacer>.elementor-widget-container>.elementor-spacer,.e-con>.elementor-widget-spacer>.elementor-widget-container>.elementor-spacer{height:100%}.e-con-inner>.elementor-widget-spacer>.elementor-widget-container>.elementor-spacer>.elementor-spacer-inner,.e-con>.elementor-widget-spacer>.elementor-widget-container>.elementor-spacer>.elementor-spacer-inner{height:var(--container-widget-height,var(--spacer-size))}.e-con-inner>.elementor-widget-spacer.elementor-widget-empty,.e-con>.elementor-widget-spacer.elementor-widget-empty{position:relative;min-height:22px;min-width:22px}.e-con-inner>.elementor-widget-spacer.elementor-widget-empty .elementor-widget-empty-icon,.e-con>.elementor-widget-spacer.elementor-widget-empty .elementor-widget-empty-icon{position:absolute;top:0;bottom:0;left:0;right:0;margin:auto;padding:0;width:22px;height:22px}<\/style>\t\t<div class=\"elementor-spacer\">\n\t\t\t<div class=\"elementor-spacer-inner\"><\/div>\n\t\t<\/div>\n\t\t\t\t<\/div>\n\t\t\t\t<\/div>\n\t\t\t\t\t<\/div>\n\t\t<\/div>\n\t\t\t\t\t\t\t<\/div>\n\t\t<\/section>\n\t\t\t\t<section class=\"elementor-section elementor-top-section elementor-element elementor-element-1d1e773 elementor-section-boxed elementor-section-height-default elementor-section-height-default\" data-id=\"1d1e773\" data-element_type=\"section\">\n\t\t\t\t\t\t<div class=\"elementor-container elementor-column-gap-default\">\n\t\t\t\t\t<div class=\"elementor-column elementor-col-100 elementor-top-column elementor-element elementor-element-a5c94df\" data-id=\"a5c94df\" data-element_type=\"column\">\n\t\t\t<div class=\"elementor-widget-wrap elementor-element-populated\">\n\t\t\t\t\t\t\t\t<div class=\"elementor-element elementor-element-f23708b animated-fast elementor-invisible elementor-widget elementor-widget-heading\" data-id=\"f23708b\" data-element_type=\"widget\" data-settings=\"{&quot;_animation&quot;:&quot;fadeInUp&quot;}\" data-widget_type=\"heading.default\">\n\t\t\t\t<div class=\"elementor-widget-container\">\n\t\t\t<style>\/*! elementor - v3.18.0 - 08-12-2023 *\/\n.elementor-heading-title{padding:0;margin:0;line-height:1}.elementor-widget-heading .elementor-heading-title[class*=elementor-size-]>a{color:inherit;font-size:inherit;line-height:inherit}.elementor-widget-heading .elementor-heading-title.elementor-size-small{font-size:15px}.elementor-widget-heading .elementor-heading-title.elementor-size-medium{font-size:19px}.elementor-widget-heading .elementor-heading-title.elementor-size-large{font-size:29px}.elementor-widget-heading .elementor-heading-title.elementor-size-xl{font-size:39px}.elementor-widget-heading .elementor-heading-title.elementor-size-xxl{font-size:59px}<\/style><h2 class=\"elementor-heading-title elementor-size-default\">\u0110i\u1ec1u kho\u1ea3n D\u1ecbch v\u1ee5\n\n<\/h2>\t\t<\/div>\n\t\t\t\t<\/div>\n\t\t\t\t\t<\/div>\n\t\t<\/div>\n\t\t\t\t\t\t\t<\/div>\n\t\t<\/section>\n\t\t\t\t<section class=\"elementor-section elementor-top-section elementor-element elementor-element-dc5a235 elementor-section-boxed elementor-section-height-default elementor-section-height-default\" data-id=\"dc5a235\" data-element_type=\"section\">\n\t\t\t\t\t\t<div class=\"elementor-container elementor-column-gap-default\">\n\t\t\t\t\t<div class=\"elementor-column elementor-col-100 elementor-top-column elementor-element elementor-element-7c9395b\" data-id=\"7c9395b\" data-element_type=\"column\">\n\t\t\t<div class=\"elementor-widget-wrap elementor-element-populated\">\n\t\t\t\t\t\t\t\t<div class=\"elementor-element elementor-element-fff28e8 elementor-widget elementor-widget-text-editor\" data-id=\"fff28e8\" data-element_type=\"widget\" data-widget_type=\"text-editor.default\">\n\t\t\t\t<div class=\"elementor-widget-container\">\n\t\t\t<style>\/*! elementor - v3.18.0 - 08-12-2023 *\/\n.elementor-widget-text-editor.elementor-drop-cap-view-stacked .elementor-drop-cap{background-color:#69727d;color:#fff}.elementor-widget-text-editor.elementor-drop-cap-view-framed .elementor-drop-cap{color:#69727d;border:3px solid;background-color:transparent}.elementor-widget-text-editor:not(.elementor-drop-cap-view-default) .elementor-drop-cap{margin-top:8px}.elementor-widget-text-editor:not(.elementor-drop-cap-view-default) .elementor-drop-cap-letter{width:1em;height:1em}.elementor-widget-text-editor .elementor-drop-cap{float:left;text-align:center;line-height:1;font-size:50px}.elementor-widget-text-editor .elementor-drop-cap-letter{display:inline-block}<\/style>\t\t\t\tCh\u00e0o m\u1eebng b\u1ea1n \u0111\u1ebfn v\u1edbi C\u00f4ng ty Gi\u1ea3i ph\u00e1p V&amp;P! B\u1eb1ng c\u00e1ch truy c\u1eadp v\u00e0o trang web c\u1ee7a ch\u00fang t\u00f4i v\u00e0 s\u1eed d\u1ee5ng c\u00e1c d\u1ecbch v\u1ee5 c\u1ee7a ch\u00fang t\u00f4i, b\u1ea1n \u0111\u1ed3ng \u00fd tu\u00e2n theo v\u00e0 b\u1ecb r\u00e0ng b\u1edfi c\u00e1c \u0111i\u1ec1u kho\u1ea3n v\u00e0 \u0111i\u1ec1u ki\u1ec7n sau \u0111\u00e2y. H\u00e3y \u0111\u1ecdc k\u1ef9 ch\u00fang.\n\n\t\t\t\t\t\t<\/div>\n\t\t\t\t<\/div>\n\t\t\t\t<div class=\"elementor-element elementor-element-0bef539 elementor-widget elementor-widget-heading\" data-id=\"0bef539\" data-element_type=\"widget\" data-widget_type=\"heading.default\">\n\t\t\t\t<div class=\"elementor-widget-container\">\n\t\t\t<h2 class=\"elementor-heading-title elementor-size-default\">1. CH\u1ea4P NH\u1eacN C\u00c1C \u0110I\u1ec0U KHO\u1ea2N\n\n<\/h2>\t\t<\/div>\n\t\t\t\t<\/div>\n\t\t\t\t<div class=\"elementor-element elementor-element-da5e4f3 elementor-widget elementor-widget-text-editor\" data-id=\"da5e4f3\" data-element_type=\"widget\" data-widget_type=\"text-editor.default\">\n\t\t\t\t<div class=\"elementor-widget-container\">\n\t\t\t\t\t\t\t<p>B\u1eb1ng c\u00e1ch s\u1eed d\u1ee5ng d\u1ecbch v\u1ee5 c\u1ee7a ch\u00fang t\u00f4i, b\u1ea1n \u0111\u1ed3ng \u00fd v\u1edbi c\u00e1c \u0110i\u1ec1u kho\u1ea3n D\u1ecbch v\u1ee5 n\u00e0y, bao g\u1ed3m b\u1ea5t k\u1ef3 \u0111i\u1ec1u kho\u1ea3n v\u00e0 \u0111i\u1ec1u ki\u1ec7n b\u1ed5 sung n\u00e0o \u0111\u01b0\u1ee3c \u0111\u1ec1 c\u1eadp trong \u0111\u00e2y ho\u1eb7c c\u00f3 s\u1eb5n th\u00f4ng qua si\u00eau li\u00ean k\u1ebft. N\u1ebfu b\u1ea1n kh\u00f4ng \u0111\u1ed3ng \u00fd v\u1edbi nh\u1eefng \u0111i\u1ec1u kho\u1ea3n n\u00e0y, vui l\u00f2ng kh\u00f4ng s\u1eed d\u1ee5ng d\u1ecbch v\u1ee5 c\u1ee7a ch\u00fang t\u00f4i.<\/p>\t\t\t\t\t\t<\/div>\n\t\t\t\t<\/div>\n\t\t\t\t<div class=\"elementor-element elementor-element-5dd5b45 elementor-widget elementor-widget-heading\" data-id=\"5dd5b45\" data-element_type=\"widget\" data-widget_type=\"heading.default\">\n\t\t\t\t<div class=\"elementor-widget-container\">\n\t\t\t<h2 class=\"elementor-heading-title elementor-size-default\">2. D\u1ecaCH V\u1ee4 V\u00c0 PH\u1ea0M VI TH\u1eceA THU\u1eacN<\/h2>\t\t<\/div>\n\t\t\t\t<\/div>\n\t\t\t\t<div class=\"elementor-element elementor-element-3e19c72 elementor-widget elementor-widget-text-editor\" data-id=\"3e19c72\" data-element_type=\"widget\" data-widget_type=\"text-editor.default\">\n\t\t\t\t<div class=\"elementor-widget-container\">\n\t\t\t\t\t\t\t<p>C\u00f4ng ty Gi\u1ea3i ph\u00e1p V&amp;P cung c\u1ea5p m\u1ed9t lo\u1ea1t c\u00e1c d\u1ecbch v\u1ee5, bao g\u1ed3m nh\u01b0ng kh\u00f4ng gi\u1edbi h\u1ea1n Test Automation, Performance Testing, DevOps, CI\/CD v\u00e0 QA Specialist Sessions. Ph\u1ea1m vi c\u1ee7a th\u1ecfa thu\u1eadn n\u00e0y bao g\u1ed3m t\u1ea5t c\u1ea3 c\u00e1c d\u1ecbch v\u1ee5 \u0111\u01b0\u1ee3c cung c\u1ea5p b\u1edfi C\u00f4ng ty Gi\u1ea3i ph\u00e1p V&amp;P.<\/p>\t\t\t\t\t\t<\/div>\n\t\t\t\t<\/div>\n\t\t\t\t<div class=\"elementor-element elementor-element-4b218d2 elementor-widget elementor-widget-heading\" data-id=\"4b218d2\" data-element_type=\"widget\" data-widget_type=\"heading.default\">\n\t\t\t\t<div class=\"elementor-widget-container\">\n\t\t\t<h2 class=\"elementor-heading-title elementor-size-default\">3. B\u1ea2O M\u1eacT TH\u00d4NG TIN <\/h2>\t\t<\/div>\n\t\t\t\t<\/div>\n\t\t\t\t<div class=\"elementor-element elementor-element-c2a0537 elementor-widget elementor-widget-text-editor\" data-id=\"c2a0537\" data-element_type=\"widget\" data-widget_type=\"text-editor.default\">\n\t\t\t\t<div class=\"elementor-widget-container\">\n\t\t\t\t\t\t\t<p>C\u00f4ng ty Gi\u1ea3i ph\u00e1p V&amp;P t\u00f4n tr\u1ecdng t\u00ednh b\u1ea3o m\u1eadt c\u1ee7a th\u00f4ng tin c\u00e1 nh\u00e2n c\u1ee7a b\u1ea1n. M\u1ecdi d\u1eef li\u1ec7u \u0111\u01b0\u1ee3c chia s\u1ebb v\u1edbi ch\u00fang t\u00f4i \u0111\u1ec3 cung c\u1ea5p d\u1ecbch v\u1ee5 s\u1ebd \u0111\u01b0\u1ee3c x\u1eed l\u00fd m\u1ed9t c\u00e1ch c\u1ea9n th\u1eadn nh\u1ea5t v\u00e0 tu\u00e2n th\u1ee7 theo Ch\u00ednh s\u00e1ch Quy\u1ec1n ri\u00eang t\u01b0 c\u1ee7a ch\u00fang t\u00f4i.<\/p>\t\t\t\t\t\t<\/div>\n\t\t\t\t<\/div>\n\t\t\t\t<div class=\"elementor-element elementor-element-51953a7 elementor-widget elementor-widget-heading\" data-id=\"51953a7\" data-element_type=\"widget\" data-widget_type=\"heading.default\">\n\t\t\t\t<div class=\"elementor-widget-container\">\n\t\t\t<h2 class=\"elementor-heading-title elementor-size-default\">4. T\u00c0I S\u1ea2N TR\u00cd TU\u1ec6 \n\n<\/h2>\t\t<\/div>\n\t\t\t\t<\/div>\n\t\t\t\t<div class=\"elementor-element elementor-element-9605fa3 elementor-widget elementor-widget-text-editor\" data-id=\"9605fa3\" data-element_type=\"widget\" data-widget_type=\"text-editor.default\">\n\t\t\t\t<div class=\"elementor-widget-container\">\n\t\t\t\t\t\t\t<p>M\u1ecdi n\u1ed9i dung, t\u00e0i li\u1ec7u v\u00e0 d\u1ecbch v\u1ee5 \u0111\u01b0\u1ee3c C\u00f4ng ty Gi\u1ea3i ph\u00e1p V&amp;P cung c\u1ea5p \u0111\u1ec1u \u0111\u01b0\u1ee3c b\u1ea3o v\u1ec7 b\u1edfi b\u1ea3n quy\u1ec1n, th\u01b0\u01a1ng hi\u1ec7u v\u00e0 c\u00e1c lu\u1eadt l\u1ec7 v\u1ec1 t\u00e0i s\u1ea3n tr\u00ed tu\u1ec7 kh\u00e1c. B\u1ea1n \u0111\u1ed3ng \u00fd kh\u00f4ng sao ch\u00e9p, ph\u00e2n ph\u1ed1i ho\u1eb7c t\u1ea1o ra c\u00e1c t\u00e1c ph\u1ea9m ph\u00e1i sinh d\u1ef1a tr\u00ean n\u1ed9i dung c\u1ee7a ch\u00fang t\u00f4i m\u00e0 kh\u00f4ng c\u00f3 s\u1ef1 ch\u1ea5p thu\u1eadn b\u1eb1ng v\u0103n b\u1ea3n c\u1ee7a ch\u00fang t\u00f4i.<\/p>\t\t\t\t\t\t<\/div>\n\t\t\t\t<\/div>\n\t\t\t\t<div class=\"elementor-element elementor-element-9bc4a65 elementor-widget elementor-widget-heading\" data-id=\"9bc4a65\" data-element_type=\"widget\" data-widget_type=\"heading.default\">\n\t\t\t\t<div class=\"elementor-widget-container\">\n\t\t\t<h2 class=\"elementor-heading-title elementor-size-default\">5. T\u1eea CH\u1ed0I B\u1ea2O \u0110\u1ea2M\n\n\n<\/h2>\t\t<\/div>\n\t\t\t\t<\/div>\n\t\t\t\t<div class=\"elementor-element elementor-element-c1a1889 elementor-widget elementor-widget-text-editor\" data-id=\"c1a1889\" data-element_type=\"widget\" data-widget_type=\"text-editor.default\">\n\t\t\t\t<div class=\"elementor-widget-container\">\n\t\t\t\t\t\t\t<p>M\u1eb7c d\u00f9 ch\u00fang t\u00f4i n\u1ed7 l\u1ef1c cung c\u1ea5p c\u00e1c d\u1ecbch v\u1ee5 \u0111\u00e1ng tin c\u1eady, C\u00f4ng ty Gi\u1ea3i ph\u00e1p V&amp;P kh\u00f4ng \u0111\u01b0a ra b\u1ea5t k\u1ef3 b\u1ea3o \u0111\u1ea3m n\u00e0o, c\u00f3 ho\u1eb7c ng\u1ee5 \u00fd, v\u1ec1 s\u1ef1 ch\u00ednh x\u00e1c, \u0111\u1ea7y \u0111\u1ee7 ho\u1eb7c \u0111\u00e1ng tin c\u1eady c\u1ee7a c\u00e1c d\u1ecbch v\u1ee5 c\u1ee7a ch\u00fang t\u00f4i.<\/p>\t\t\t\t\t\t<\/div>\n\t\t\t\t<\/div>\n\t\t\t\t<div class=\"elementor-element elementor-element-8d87355 elementor-widget elementor-widget-heading\" data-id=\"8d87355\" data-element_type=\"widget\" data-widget_type=\"heading.default\">\n\t\t\t\t<div class=\"elementor-widget-container\">\n\t\t\t<h2 class=\"elementor-heading-title elementor-size-default\">6. H\u1ea0N CH\u1ebe TR\u00c1CH NHI\u1ec6M\n\n\n\n<\/h2>\t\t<\/div>\n\t\t\t\t<\/div>\n\t\t\t\t<div class=\"elementor-element elementor-element-dad07a6 elementor-widget elementor-widget-text-editor\" data-id=\"dad07a6\" data-element_type=\"widget\" data-widget_type=\"text-editor.default\">\n\t\t\t\t<div class=\"elementor-widget-container\">\n\t\t\t\t\t\t\t<p>C\u00f4ng ty Gi\u1ea3i ph\u00e1p V&amp;P s\u1ebd kh\u00f4ng ch\u1ecbu tr\u00e1ch nhi\u1ec7m \u0111\u1ed1i v\u1edbi b\u1ea5t k\u1ef3 thi\u1ec7t h\u1ea1i gi\u00e1n ti\u1ebfp, ng\u1eabu nhi\u00ean, \u0111\u1eb7c bi\u1ec7t, ng\u1eabu nhi\u00ean ho\u1eb7c tr\u1eebng ph\u1ea1t n\u00e0o ph\u00e1t sinh t\u1eeb ho\u1eb7c li\u00ean quan \u0111\u1ebfn c\u00e1c d\u1ecbch v\u1ee5 c\u1ee7a ch\u00fang t\u00f4i.<\/p>\t\t\t\t\t\t<\/div>\n\t\t\t\t<\/div>\n\t\t\t\t<div class=\"elementor-element elementor-element-9cded87 elementor-widget elementor-widget-heading\" data-id=\"9cded87\" data-element_type=\"widget\" data-widget_type=\"heading.default\">\n\t\t\t\t<div class=\"elementor-widget-container\">\n\t\t\t<h2 class=\"elementor-heading-title elementor-size-default\">7. CH\u1ea4M D\u1ee8T\n\n<\/h2>\t\t<\/div>\n\t\t\t\t<\/div>\n\t\t\t\t<div class=\"elementor-element elementor-element-3b9f824 elementor-widget elementor-widget-text-editor\" data-id=\"3b9f824\" data-element_type=\"widget\" data-widget_type=\"text-editor.default\">\n\t\t\t\t<div class=\"elementor-widget-container\">\n\t\t\t\t\t\t\t<p>B\u1ea5t k\u1ef3 b\u00ean n\u00e0o c\u0169ng c\u00f3 th\u1ec3 ch\u1ea5m d\u1ee9t th\u1ecfa thu\u1eadn v\u00ec b\u1ea5t k\u1ef3 l\u00fd do n\u00e0o b\u1eb1ng c\u00e1ch cung c\u1ea5p th\u00f4ng b\u00e1o b\u1eb1ng v\u0103n b\u1ea3n. Khi ch\u1ea5m d\u1ee9t, b\u1ea1n \u0111\u1ed3ng \u00fd ng\u1eebng s\u1eed d\u1ee5ng d\u1ecbch v\u1ee5 c\u1ee7a ch\u00fang t\u00f4i v\u00e0 m\u1ecdi thanh to\u00e1n ch\u01b0a thanh to\u00e1n s\u1ebd tr\u1edf n\u00ean \u0111\u1ebfn h\u1ea1n ngay l\u1eadp t\u1ee9c.<\/p>\t\t\t\t\t\t<\/div>\n\t\t\t\t<\/div>\n\t\t\t\t<div class=\"elementor-element elementor-element-9967802 elementor-widget elementor-widget-heading\" data-id=\"9967802\" data-element_type=\"widget\" data-widget_type=\"heading.default\">\n\t\t\t\t<div class=\"elementor-widget-container\">\n\t\t\t<h2 class=\"elementor-heading-title elementor-size-default\">8. THAY \u0110\u1ed4I \u0110I\u1ec0U KHO\u1ea2N\n\n<\/h2>\t\t<\/div>\n\t\t\t\t<\/div>\n\t\t\t\t<div class=\"elementor-element elementor-element-78c066a elementor-widget elementor-widget-text-editor\" data-id=\"78c066a\" data-element_type=\"widget\" data-widget_type=\"text-editor.default\">\n\t\t\t\t<div class=\"elementor-widget-container\">\n\t\t\t\t\t\t\t<p>C\u00f4ng ty Gi\u1ea3i ph\u00e1p V&amp;P gi\u1eef quy\u1ec1n s\u1eeda \u0111\u1ed5i c\u00e1c \u0110i\u1ec1u kho\u1ea3n D\u1ecbch v\u1ee5 n\u00e0y v\u00e0o b\u1ea5t k\u1ef3 th\u1eddi \u0111i\u1ec3m n\u00e0o. \u0110i\u1ec1u n\u00e0y l\u00e0 tr\u00e1ch nhi\u1ec7m c\u1ee7a b\u1ea1n \u0111\u1ec3 xem x\u00e9t c\u00e1c \u0111i\u1ec1u kho\u1ea3n n\u00e0y \u0111\u1ecbnh k\u1ef3. Vi\u1ec7c s\u1eed d\u1ee5ng li\u00ean t\u1ee5c c\u1ee7a d\u1ecbch v\u1ee5 c\u1ee7a ch\u00fang t\u00f4i sau b\u1ea5t k\u1ef3 s\u1ef1 thay \u0111\u1ed5i n\u00e0o \u0111\u1ec1u c\u00f3 ngh\u0129a l\u00e0 b\u1ea1n ch\u1ea5p nh\u1eadn c\u00e1c \u0111i\u1ec1u kho\u1ea3n \u0111\u00e3 c\u1eadp nh\u1eadt.<\/p>\t\t\t\t\t\t<\/div>\n\t\t\t\t<\/div>\n\t\t\t\t\t<\/div>\n\t\t<\/div>\n\t\t\t\t\t\t\t<\/div>\n\t\t<\/section>\n\t\t\t\t<section class=\"elementor-section elementor-top-section elementor-element elementor-element-3c071c7 elementor-section-boxed elementor-section-height-default elementor-section-height-default\" data-id=\"3c071c7\" data-element_type=\"section\">\n\t\t\t\t\t\t<div class=\"elementor-container elementor-column-gap-default\">\n\t\t\t\t\t<div class=\"elementor-column elementor-col-100 elementor-top-column elementor-element elementor-element-b959646\" data-id=\"b959646\" data-element_type=\"column\">\n\t\t\t<div class=\"elementor-widget-wrap elementor-element-populated\">\n\t\t\t\t\t\t\t\t<div class=\"elementor-element elementor-element-172d3c6 elementor-widget elementor-widget-spacer\" data-id=\"172d3c6\" data-element_type=\"widget\" data-widget_type=\"spacer.default\">\n\t\t\t\t<div class=\"elementor-widget-container\">\n\t\t\t\t\t<div class=\"elementor-spacer\">\n\t\t\t<div class=\"elementor-spacer-inner\"><\/div>\n\t\t<\/div>\n\t\t\t\t<\/div>\n\t\t\t\t<\/div>\n\t\t\t\t\t<\/div>\n\t\t<\/div>\n\t\t\t\t\t\t\t<\/div>\n\t\t<\/section>\n\t\t\t\t\t\t\t<\/div>","protected":false},"excerpt":{"rendered":"<p>Terms of Service Welcome to V&#038;P Solutions Agency! By accessing our website and utilizing our services, you agree to comply with and be bound by the following terms and conditions. Please read them carefully. 1. Acceptance of Terms By using our services, you agree to these Terms of Service, including any additional terms and conditions&#8230;<\/p>","protected":false},"author":2,"featured_media":0,"parent":0,"menu_order":0,"comment_status":"closed","ping_status":"closed","template":"","meta":{"_kad_post_transparent":"","_kad_post_title":"hide","_kad_post_layout":"fullwidth","_kad_post_sidebar_id":"","_kad_post_content_style":"unboxed","_kad_post_vertical_padding":"hide","_kad_post_feature":"hide","_kad_post_feature_position":"","_kad_post_header":false,"_kad_post_footer":false,"footnotes":""},"acf":[],"_links":{"self":[{"href":"https:\/\/vp-agency.com\/vi\/wp-json\/wp\/v2\/pages\/2798"}],"collection":[{"href":"https:\/\/vp-agency.com\/vi\/wp-json\/wp\/v2\/pages"}],"about":[{"href":"https:\/\/vp-agency.com\/vi\/wp-json\/wp\/v2\/types\/page"}],"author":[{"embeddable":true,"href":"https:\/\/vp-agency.com\/vi\/wp-json\/wp\/v2\/users\/2"}],"replies":[{"embeddable":true,"href":"https:\/\/vp-agency.com\/vi\/wp-json\/wp\/v2\/comments?post=2798"}],"version-history":[{"count":16,"href":"https:\/\/vp-agency.com\/vi\/wp-json\/wp\/v2\/pages\/2798\/revisions"}],"predecessor-version":[{"id":3054,"href":"https:\/\/vp-agency.com\/vi\/wp-json\/wp\/v2\/pages\/2798\/revisions\/3054"}],"wp:attachment":[{"href":"https:\/\/vp-agency.com\/vi\/wp-json\/wp\/v2\/media?parent=2798"}],"curies":[{"name":"wp","href":"https:\/\/api.w.org\/{rel}","templated":true}]}}