{"id":2809,"date":"2024-01-02T08:31:23","date_gmt":"2024-01-02T08:31:23","guid":{"rendered":"https:\/\/vp-agency.com\/?page_id=2809"},"modified":"2024-01-03T06:56:36","modified_gmt":"2024-01-03T06:56:36","slug":"cookies","status":"publish","type":"page","link":"https:\/\/vp-agency.com\/vi\/cookies\/","title":{"rendered":"Cookies"},"content":{"rendered":"<div data-elementor-type=\"wp-page\" data-elementor-id=\"2809\" class=\"elementor elementor-2809\" data-elementor-post-type=\"page\">\n\t\t\t\t\t\t\t\t\t<section class=\"elementor-section elementor-top-section elementor-element elementor-element-514a191 elementor-section-boxed elementor-section-height-default elementor-section-height-default\" data-id=\"514a191\" data-element_type=\"section\">\n\t\t\t\t\t\t<div class=\"elementor-container elementor-column-gap-default\">\n\t\t\t\t\t<div class=\"elementor-column elementor-col-100 elementor-top-column elementor-element elementor-element-45948fb\" data-id=\"45948fb\" data-element_type=\"column\">\n\t\t\t<div class=\"elementor-widget-wrap elementor-element-populated\">\n\t\t\t\t\t\t\t\t<div class=\"elementor-element elementor-element-b8d95b5 elementor-widget elementor-widget-spacer\" data-id=\"b8d95b5\" data-element_type=\"widget\" data-widget_type=\"spacer.default\">\n\t\t\t\t<div class=\"elementor-widget-container\">\n\t\t\t<style>\/*! elementor - v3.18.0 - 08-12-2023 *\/\n.elementor-column .elementor-spacer-inner{height:var(--spacer-size)}.e-con{--container-widget-width:100%}.e-con-inner>.elementor-widget-spacer,.e-con>.elementor-widget-spacer{width:var(--container-widget-width,var(--spacer-size));--align-self:var(--container-widget-align-self,initial);--flex-shrink:0}.e-con-inner>.elementor-widget-spacer>.elementor-widget-container,.e-con>.elementor-widget-spacer>.elementor-widget-container{height:100%;width:100%}.e-con-inner>.elementor-widget-spacer>.elementor-widget-container>.elementor-spacer,.e-con>.elementor-widget-spacer>.elementor-widget-container>.elementor-spacer{height:100%}.e-con-inner>.elementor-widget-spacer>.elementor-widget-container>.elementor-spacer>.elementor-spacer-inner,.e-con>.elementor-widget-spacer>.elementor-widget-container>.elementor-spacer>.elementor-spacer-inner{height:var(--container-widget-height,var(--spacer-size))}.e-con-inner>.elementor-widget-spacer.elementor-widget-empty,.e-con>.elementor-widget-spacer.elementor-widget-empty{position:relative;min-height:22px;min-width:22px}.e-con-inner>.elementor-widget-spacer.elementor-widget-empty .elementor-widget-empty-icon,.e-con>.elementor-widget-spacer.elementor-widget-empty .elementor-widget-empty-icon{position:absolute;top:0;bottom:0;left:0;right:0;margin:auto;padding:0;width:22px;height:22px}<\/style>\t\t<div class=\"elementor-spacer\">\n\t\t\t<div class=\"elementor-spacer-inner\"><\/div>\n\t\t<\/div>\n\t\t\t\t<\/div>\n\t\t\t\t<\/div>\n\t\t\t\t\t<\/div>\n\t\t<\/div>\n\t\t\t\t\t\t\t<\/div>\n\t\t<\/section>\n\t\t\t\t<section class=\"elementor-section elementor-top-section elementor-element elementor-element-64c60fc elementor-section-boxed elementor-section-height-default elementor-section-height-default\" data-id=\"64c60fc\" data-element_type=\"section\">\n\t\t\t\t\t\t<div class=\"elementor-container elementor-column-gap-default\">\n\t\t\t\t\t<div class=\"elementor-column elementor-col-100 elementor-top-column elementor-element elementor-element-5f41c80\" data-id=\"5f41c80\" data-element_type=\"column\">\n\t\t\t<div class=\"elementor-widget-wrap elementor-element-populated\">\n\t\t\t\t\t\t\t\t<div class=\"elementor-element elementor-element-756c589 animated-fast elementor-invisible elementor-widget elementor-widget-heading\" data-id=\"756c589\" data-element_type=\"widget\" data-settings=\"{&quot;_animation&quot;:&quot;fadeInUp&quot;}\" data-widget_type=\"heading.default\">\n\t\t\t\t<div class=\"elementor-widget-container\">\n\t\t\t<style>\/*! elementor - v3.18.0 - 08-12-2023 *\/\n.elementor-heading-title{padding:0;margin:0;line-height:1}.elementor-widget-heading .elementor-heading-title[class*=elementor-size-]>a{color:inherit;font-size:inherit;line-height:inherit}.elementor-widget-heading .elementor-heading-title.elementor-size-small{font-size:15px}.elementor-widget-heading .elementor-heading-title.elementor-size-medium{font-size:19px}.elementor-widget-heading .elementor-heading-title.elementor-size-large{font-size:29px}.elementor-widget-heading .elementor-heading-title.elementor-size-xl{font-size:39px}.elementor-widget-heading .elementor-heading-title.elementor-size-xxl{font-size:59px}<\/style><h2 class=\"elementor-heading-title elementor-size-default\">Cookies \n<\/h2>\t\t<\/div>\n\t\t\t\t<\/div>\n\t\t\t\t\t<\/div>\n\t\t<\/div>\n\t\t\t\t\t\t\t<\/div>\n\t\t<\/section>\n\t\t\t\t<section class=\"elementor-section elementor-top-section elementor-element elementor-element-4e262e4 elementor-section-boxed elementor-section-height-default elementor-section-height-default\" data-id=\"4e262e4\" data-element_type=\"section\">\n\t\t\t\t\t\t<div class=\"elementor-container elementor-column-gap-default\">\n\t\t\t\t\t<div class=\"elementor-column elementor-col-100 elementor-top-column elementor-element elementor-element-00a004a\" data-id=\"00a004a\" data-element_type=\"column\">\n\t\t\t<div class=\"elementor-widget-wrap elementor-element-populated\">\n\t\t\t\t\t\t\t\t<div class=\"elementor-element elementor-element-012de69 elementor-widget elementor-widget-text-editor\" data-id=\"012de69\" data-element_type=\"widget\" data-widget_type=\"text-editor.default\">\n\t\t\t\t<div class=\"elementor-widget-container\">\n\t\t\t<style>\/*! elementor - v3.18.0 - 08-12-2023 *\/\n.elementor-widget-text-editor.elementor-drop-cap-view-stacked .elementor-drop-cap{background-color:#69727d;color:#fff}.elementor-widget-text-editor.elementor-drop-cap-view-framed .elementor-drop-cap{color:#69727d;border:3px solid;background-color:transparent}.elementor-widget-text-editor:not(.elementor-drop-cap-view-default) .elementor-drop-cap{margin-top:8px}.elementor-widget-text-editor:not(.elementor-drop-cap-view-default) .elementor-drop-cap-letter{width:1em;height:1em}.elementor-widget-text-editor .elementor-drop-cap{float:left;text-align:center;line-height:1;font-size:50px}.elementor-widget-text-editor .elementor-drop-cap-letter{display:inline-block}<\/style>\t\t\t\tCh\u00e0o m\u1eebng b\u1ea1n \u0111\u1ebfn v\u1edbi Ch\u00ednh s\u00e1ch Cookies c\u1ee7a C\u00f4ng ty Gi\u1ea3i ph\u00e1p V&amp;P. Trang n\u00e0y gi\u1ea3i th\u00edch c\u00e1ch ch\u00fang t\u00f4i s\u1eed d\u1ee5ng cookies tr\u00ean trang web c\u1ee7a ch\u00fang t\u00f4i. B\u1eb1ng c\u00e1ch ti\u1ebfp t\u1ee5c duy\u1ec7t ho\u1eb7c s\u1eed d\u1ee5ng trang web c\u1ee7a ch\u00fang t\u00f4i, b\u1ea1n \u0111\u1ed3ng \u00fd v\u1edbi vi\u1ec7c s\u1eed d\u1ee5ng cookies c\u1ee7a ch\u00fang t\u00f4i nh\u01b0 m\u00f4 t\u1ea3 trong ch\u00ednh s\u00e1ch n\u00e0y.\n\n\t\t\t\t\t\t<\/div>\n\t\t\t\t<\/div>\n\t\t\t\t<div class=\"elementor-element elementor-element-d266fba elementor-widget elementor-widget-heading\" data-id=\"d266fba\" data-element_type=\"widget\" data-widget_type=\"heading.default\">\n\t\t\t\t<div class=\"elementor-widget-container\">\n\t\t\t<h2 class=\"elementor-heading-title elementor-size-default\">1. COOKIES L\u00c0 G\u00cc? \n<\/h2>\t\t<\/div>\n\t\t\t\t<\/div>\n\t\t\t\t<div class=\"elementor-element elementor-element-3c14b3d elementor-widget elementor-widget-text-editor\" data-id=\"3c14b3d\" data-element_type=\"widget\" data-widget_type=\"text-editor.default\">\n\t\t\t\t<div class=\"elementor-widget-container\">\n\t\t\t\t\t\t\t<p>Cookies l\u00e0 c\u00e1c t\u1ec7p v\u0103n b\u1ea3n nh\u1ecf \u0111\u01b0\u1ee3c \u0111\u1eb7t tr\u00ean thi\u1ebft b\u1ecb c\u1ee7a b\u1ea1n (m\u00e1y t\u00ednh, m\u00e1y t\u00ednh b\u1ea3ng, \u0111i\u1ec7n tho\u1ea1i th\u00f4ng minh) khi b\u1ea1n truy c\u1eadp m\u1ed9t trang web. Ch\u00fang th\u01b0\u1eddng \u0111\u01b0\u1ee3c s\u1eed d\u1ee5ng \u0111\u1ec3 l\u00e0m cho c\u00e1c trang web ho\u1ea1t \u0111\u1ed9ng hi\u1ec7u qu\u1ea3 h\u01a1n v\u00e0 cung c\u1ea5p th\u00f4ng tin cho ch\u1ee7 s\u1edf h\u1eefu trang web.\u00a0<\/p>\t\t\t\t\t\t<\/div>\n\t\t\t\t<\/div>\n\t\t\t\t<div class=\"elementor-element elementor-element-8f8ae4c elementor-widget elementor-widget-heading\" data-id=\"8f8ae4c\" data-element_type=\"widget\" data-widget_type=\"heading.default\">\n\t\t\t\t<div class=\"elementor-widget-container\">\n\t\t\t<h2 class=\"elementor-heading-title elementor-size-default\">2. C\u00c1CH CH\u00daNG T\u00d4I S\u1eec D\u1ee4NG COOKIES \n\n\n\n<\/h2>\t\t<\/div>\n\t\t\t\t<\/div>\n\t\t\t\t<div class=\"elementor-element elementor-element-cfc472f elementor-widget elementor-widget-text-editor\" data-id=\"cfc472f\" data-element_type=\"widget\" data-widget_type=\"text-editor.default\">\n\t\t\t\t<div class=\"elementor-widget-container\">\n\t\t\t\t\t\t\t<p>Ch\u00fang t\u00f4i s\u1eed d\u1ee5ng cookies cho c\u00e1c m\u1ee5c \u0111\u00edch kh\u00e1c nhau, bao g\u1ed3m:<\/p><ul><li><p><strong>Cookies C\u1ea7n thi\u1ebft:<\/strong> Nh\u1eefng cookies n\u00e0y l\u00e0 c\u1ea7n thi\u1ebft cho ho\u1ea1t \u0111\u1ed9ng \u0111\u00fang c\u1ee7a trang web c\u1ee7a ch\u00fang t\u00f4i. Ch\u00fang cho ph\u00e9p b\u1ea1n \u0111i\u1ec1u h\u01b0\u1edbng qua trang web v\u00e0 s\u1eed d\u1ee5ng c\u00e1c t\u00ednh n\u0103ng c\u1ee7a n\u00f3.<\/p><\/li><li><p><strong>Cookies Ph\u00e2n t\u00edch:<\/strong> Ch\u00fang t\u00f4i s\u1eed d\u1ee5ng cookies ph\u00e2n t\u00edch \u0111\u1ec3 thu th\u1eadp th\u00f4ng tin v\u1ec1 c\u00e1ch kh\u00e1ch truy c\u1eadp t\u01b0\u01a1ng t\u00e1c v\u1edbi trang web c\u1ee7a ch\u00fang t\u00f4i. \u0110i\u1ec1u n\u00e0y gi\u00fap ch\u00fang t\u00f4i c\u1ea3i thi\u1ec7n hi\u1ec7u su\u1ea5t v\u00e0 tr\u1ea3i nghi\u1ec7m ng\u01b0\u1eddi d\u00f9ng c\u1ee7a trang web.<\/p><\/li><li><p><strong>Cookies Qu\u1ea3ng c\u00e1o:<\/strong> Nh\u1eefng cookies \u0111\u01b0\u1ee3c s\u1eed d\u1ee5ng \u0111\u1ec3 cung c\u1ea5p qu\u1ea3ng c\u00e1o li\u00ean quan \u0111\u1ebfn b\u1ea1n v\u00e0 s\u1edf th\u00edch c\u1ee7a b\u1ea1n. Ch\u00fang c\u00f3 th\u1ec3 \u0111\u01b0\u1ee3c s\u1eed d\u1ee5ng b\u1edfi \u0111\u1ed1i t\u00e1c qu\u1ea3ng c\u00e1o b\u00ean th\u1ee9 ba.<\/p><\/li><li><p><strong>Cookies Ch\u1ee9c n\u0103ng:<\/strong> Cookies ch\u1ee9c n\u0103ng cho ph\u00e9p ch\u00fang t\u00f4i cung c\u1ea5p t\u00ednh n\u0103ng v\u00e0 c\u00e1 nh\u00e2n h\u00f3a n\u00e2ng cao, nh\u01b0 l\u01b0u nh\u1edb c\u00e1c \u01b0a th\u00edch c\u1ee7a b\u1ea1n.<\/p><\/li><\/ul>\t\t\t\t\t\t<\/div>\n\t\t\t\t<\/div>\n\t\t\t\t<div class=\"elementor-element elementor-element-4714140 elementor-widget elementor-widget-heading\" data-id=\"4714140\" data-element_type=\"widget\" data-widget_type=\"heading.default\">\n\t\t\t\t<div class=\"elementor-widget-container\">\n\t\t\t<h2 class=\"elementor-heading-title elementor-size-default\">3. COOKIES C\u1ee6A B\u00caN TH\u1ee8 BA<\/h2>\t\t<\/div>\n\t\t\t\t<\/div>\n\t\t\t\t<div class=\"elementor-element elementor-element-614cddd elementor-widget elementor-widget-text-editor\" data-id=\"614cddd\" data-element_type=\"widget\" data-widget_type=\"text-editor.default\">\n\t\t\t\t<div class=\"elementor-widget-container\">\n\t\t\t\t\t\t\t<p>Ch\u00fang t\u00f4i c\u0169ng c\u00f3 th\u1ec3 s\u1eed d\u1ee5ng cookies c\u1ee7a b\u00ean th\u1ee9 ba, nh\u01b0 cookies t\u1eeb Google Analytics, \u0111\u1ec3 thu th\u1eadp th\u00f4ng tin th\u1ed1ng k\u00ea v\u1ec1 vi\u1ec7c s\u1eed d\u1ee5ng trang web. Nh\u1eefng cookies \u0111\u01b0\u1ee3c cung c\u1ea5p b\u1edfi c\u00e1c \u0111\u1ed1i t\u00e1c b\u00ean ngo\u00e0i v\u00e0 ch\u1ecbu s\u1ef1 qu\u1ea3n l\u00fd c\u1ee7a ch\u00ednh s\u00e1ch b\u1ea3o m\u1eadt c\u1ee7a h\u1ecd.<\/p>\t\t\t\t\t\t<\/div>\n\t\t\t\t<\/div>\n\t\t\t\t<div class=\"elementor-element elementor-element-0736264 elementor-widget elementor-widget-heading\" data-id=\"0736264\" data-element_type=\"widget\" data-widget_type=\"heading.default\">\n\t\t\t\t<div class=\"elementor-widget-container\">\n\t\t\t<h2 class=\"elementor-heading-title elementor-size-default\">4. S\u1ef0 \u0110\u1ed2NG \u00dd V\u1edaI COOKIES \n\n<\/h2>\t\t<\/div>\n\t\t\t\t<\/div>\n\t\t\t\t<div class=\"elementor-element elementor-element-068b64c elementor-widget elementor-widget-text-editor\" data-id=\"068b64c\" data-element_type=\"widget\" data-widget_type=\"text-editor.default\">\n\t\t\t\t<div class=\"elementor-widget-container\">\n\t\t\t\t\t\t\t<p>B\u1eb1ng c\u00e1ch s\u1eed d\u1ee5ng trang web c\u1ee7a ch\u00fang t\u00f4i, b\u1ea1n \u0111\u1ed3ng \u00fd v\u1edbi vi\u1ec7c \u0111\u1eb7t cookies l\u00ean thi\u1ebft b\u1ecb c\u1ee7a b\u1ea1n. B\u1ea1n c\u00f3 th\u1ec3 qu\u1ea3n l\u00fd c\u00e1c \u01b0u ti\u00ean cookie c\u1ee7a m\u00ecnh th\u00f4ng qua c\u00e0i \u0111\u1eb7t tr\u00ecnh duy\u1ec7t. L\u01b0u \u00fd r\u1eb1ng vi\u1ec7c ch\u1eb7n m\u1ed9t s\u1ed1 lo\u1ea1i cookies c\u00f3 th\u1ec3 \u1ea3nh h\u01b0\u1edfng \u0111\u1ebfn ch\u1ee9c n\u0103ng c\u1ee7a trang web c\u1ee7a ch\u00fang t\u00f4i.<\/p>\t\t\t\t\t\t<\/div>\n\t\t\t\t<\/div>\n\t\t\t\t<div class=\"elementor-element elementor-element-f2f8659 elementor-widget elementor-widget-heading\" data-id=\"f2f8659\" data-element_type=\"widget\" data-widget_type=\"heading.default\">\n\t\t\t\t<div class=\"elementor-widget-container\">\n\t\t\t<h2 class=\"elementor-heading-title elementor-size-default\">5. THAY \u0110\u1ed4I CH\u00cdNH S\u00c1CH COOKIES \n\n<\/h2>\t\t<\/div>\n\t\t\t\t<\/div>\n\t\t\t\t<div class=\"elementor-element elementor-element-645d22f elementor-widget elementor-widget-text-editor\" data-id=\"645d22f\" data-element_type=\"widget\" data-widget_type=\"text-editor.default\">\n\t\t\t\t<div class=\"elementor-widget-container\">\n\t\t\t\t\t\t\t<p>Ch\u00fang t\u00f4i c\u00f3 th\u1ec3 c\u1eadp nh\u1eadt Ch\u00ednh s\u00e1ch Cookies c\u1ee7a m\u00ecnh t\u1eeb th\u1eddi gian n\u00e0y sang th\u1eddi gian kh\u00e1c. M\u1ecdi thay \u0111\u1ed5i s\u1ebd \u0111\u01b0\u1ee3c \u0111\u0103ng tr\u00ean trang n\u00e0y v\u00e0 ng\u00e0y c\u1eadp nh\u1eadt cu\u1ed1i c\u00f9ng s\u1ebd \u0111\u01b0\u1ee3c ch\u1ec9 \u0111\u1ecbnh. Vi\u1ec7c s\u1eed d\u1ee5ng ti\u1ebfp t\u1ee5c trang web c\u1ee7a ch\u00fang t\u00f4i sau khi \u0111\u0103ng c\u00e1c thay \u0111\u1ed5i \u0111\u1ed3ng ngh\u0129a v\u1edbi vi\u1ec7c ch\u1ea5p nh\u1eadn Ch\u00ednh s\u00e1ch c\u1eadp nh\u1eadt.<\/p>\t\t\t\t\t\t<\/div>\n\t\t\t\t<\/div>\n\t\t\t\t\t<\/div>\n\t\t<\/div>\n\t\t\t\t\t\t\t<\/div>\n\t\t<\/section>\n\t\t\t\t<section class=\"elementor-section elementor-top-section elementor-element elementor-element-252e6fb elementor-section-boxed elementor-section-height-default elementor-section-height-default\" data-id=\"252e6fb\" data-element_type=\"section\">\n\t\t\t\t\t\t<div class=\"elementor-container elementor-column-gap-default\">\n\t\t\t\t\t<div class=\"elementor-column elementor-col-100 elementor-top-column elementor-element elementor-element-150ec76\" data-id=\"150ec76\" data-element_type=\"column\">\n\t\t\t<div class=\"elementor-widget-wrap elementor-element-populated\">\n\t\t\t\t\t\t\t\t<div class=\"elementor-element elementor-element-35554b1 elementor-widget elementor-widget-spacer\" data-id=\"35554b1\" data-element_type=\"widget\" data-widget_type=\"spacer.default\">\n\t\t\t\t<div class=\"elementor-widget-container\">\n\t\t\t\t\t<div class=\"elementor-spacer\">\n\t\t\t<div class=\"elementor-spacer-inner\"><\/div>\n\t\t<\/div>\n\t\t\t\t<\/div>\n\t\t\t\t<\/div>\n\t\t\t\t\t<\/div>\n\t\t<\/div>\n\t\t\t\t\t\t\t<\/div>\n\t\t<\/section>\n\t\t\t\t<section class=\"elementor-section elementor-top-section elementor-element elementor-element-1bd3765 elementor-section-boxed elementor-section-height-default elementor-section-height-default\" data-id=\"1bd3765\" data-element_type=\"section\">\n\t\t\t\t\t\t<div class=\"elementor-container elementor-column-gap-default\">\n\t\t\t\t\t<div class=\"elementor-column elementor-col-100 elementor-top-column elementor-element elementor-element-d31d4da\" data-id=\"d31d4da\" data-element_type=\"column\">\n\t\t\t<div class=\"elementor-widget-wrap elementor-element-populated\">\n\t\t\t\t\t\t\t\t<div class=\"elementor-element elementor-element-0a0ca0f elementor-widget elementor-widget-bdt-cookie-consent\" data-id=\"0a0ca0f\" data-element_type=\"widget\" data-widget_type=\"bdt-cookie-consent.default\">\n\t\t\t\t<div class=\"elementor-widget-container\">\n\t\t\t\n\t\t\t<div class=\"bdt-cookie-consent bdt-hidden\" data-settings=\"{&quot;position&quot;:&quot;bottom&quot;,&quot;static&quot;:false,&quot;content&quot;:{&quot;message&quot;:&quot;This website uses cookies to ensure you get the best experience on our website. &quot;,&quot;dismiss&quot;:&quot;Got it!&quot;,&quot;link&quot;:&quot;&quot;,&quot;href&quot;:&quot;http:\\\/\\\/cookiesandyou.com\\\/&quot;,&quot;custom_attr&quot;:&quot;rel=\\&quot;noopener noreferrer nofollow\\&quot;&quot;},&quot;cookie&quot;:{&quot;name&quot;:&quot;element_pack_cookie_widget&quot;,&quot;domain&quot;:&quot;vp-agency.com&quot;,&quot;expiryDays&quot;:7}}\"><\/div>\n\n\t\t<\/div>\n\t\t\t\t<\/div>\n\t\t\t\t\t<\/div>\n\t\t<\/div>\n\t\t\t\t\t\t\t<\/div>\n\t\t<\/section>\n\t\t\t\t\t\t\t<\/div>","protected":false},"excerpt":{"rendered":"<p>Cookies Welcome to V&#038;P Solutions Agency&#8217;s Cookies Policy. This page explains how we use cookies on our website. By continuing to browse or use our site, you agree to our use of cookies as described in this policy. 1. What are Cookies? Cookies are small text files that are placed on your device (computer, tablet,&#8230;<\/p>","protected":false},"author":2,"featured_media":0,"parent":0,"menu_order":0,"comment_status":"closed","ping_status":"closed","template":"","meta":{"_kad_post_transparent":"","_kad_post_title":"hide","_kad_post_layout":"fullwidth","_kad_post_sidebar_id":"","_kad_post_content_style":"unboxed","_kad_post_vertical_padding":"hide","_kad_post_feature":"hide","_kad_post_feature_position":"","_kad_post_header":false,"_kad_post_footer":false,"footnotes":""},"acf":[],"_links":{"self":[{"href":"https:\/\/vp-agency.com\/vi\/wp-json\/wp\/v2\/pages\/2809"}],"collection":[{"href":"https:\/\/vp-agency.com\/vi\/wp-json\/wp\/v2\/pages"}],"about":[{"href":"https:\/\/vp-agency.com\/vi\/wp-json\/wp\/v2\/types\/page"}],"author":[{"embeddable":true,"href":"https:\/\/vp-agency.com\/vi\/wp-json\/wp\/v2\/users\/2"}],"replies":[{"embeddable":true,"href":"https:\/\/vp-agency.com\/vi\/wp-json\/wp\/v2\/comments?post=2809"}],"version-history":[{"count":16,"href":"https:\/\/vp-agency.com\/vi\/wp-json\/wp\/v2\/pages\/2809\/revisions"}],"predecessor-version":[{"id":3057,"href":"https:\/\/vp-agency.com\/vi\/wp-json\/wp\/v2\/pages\/2809\/revisions\/3057"}],"wp:attachment":[{"href":"https:\/\/vp-agency.com\/vi\/wp-json\/wp\/v2\/media?parent=2809"}],"curies":[{"name":"wp","href":"https:\/\/api.w.org\/{rel}","templated":true}]}}